{"id":235,"date":"2023-11-27T06:09:05","date_gmt":"2023-11-27T06:09:05","guid":{"rendered":"https:\/\/gurni.tandem.ws\/?page_id=235"},"modified":"2024-04-05T09:36:45","modified_gmt":"2024-04-05T09:36:45","slug":"contacte","status":"publish","type":"page","link":"https:\/\/gurni.net\/en\/contact\/","title":{"rendered":"Contact"},"content":{"rendered":"<div class=\"gb-container gb-container-baea1522\">\n<div class=\"gb-container gb-container-46f89652\">\n\n<p class=\"gb-headline gb-headline-0f7a0f4f gb-headline-text reclam\"><a href=\"mailto:info@gurni.net\">info<mark class=\"gb-highlight\">@<\/mark>gurni.net<\/a><br><a href=\"tel: 34675497133\">+34 67<mark class=\"gb-highlight\">5<\/mark> <mark class=\"gb-highlight\">4<\/mark>9 71 <mark class=\"gb-highlight\">3<\/mark>3<\/a><br><a href=\"https:\/\/www.instagram.com\/gurni_3d\/\" target=\"_blank\" rel=\"noreferrer noopener\">@gurni_3d<\/a><br><br>He<mark class=\"gb-highlight\">llow<\/mark>! I'm Mar<mark class=\"gb-highlight\">ce<\/mark>l <mark class=\"gb-highlight\">Suri<\/mark>nyach, I'm 3D artist (fr<mark class=\"gb-highlight\">ee<\/mark>lance) since <mark class=\"gb-highlight\">2<\/mark>017.<br>I live <mark class=\"gb-highlight\">a<\/mark> la Garro<mark class=\"gb-highlight\">tx<\/mark>a (Cat<mark class=\"gb-highlight\">a<\/mark>lunya) but that doesn't sto<mark class=\"gb-highlight\">p me fr<\/mark>om wo<mark class=\"gb-highlight\">rk<\/mark>ing for clients from all over the wor<mark class=\"gb-highlight\">ld<\/mark>.<br>Shall <mark class=\"gb-highlight\">we<\/mark> go there?  <\/p>\n\n<\/div>\n<\/div>","protected":false},"excerpt":{"rendered":"<p>info@gurni.net+34 675 49 71 33@gurni_3d Hola! Em dic Marcel Surinyach, s\u00f3c artista 3D freelance des del 2017.Visc a la Garrotxa (Catalunya) per\u00f2 aix\u00f2 no m\u2019impedeix treballar per a clients d\u2019arreu.Ens hi posem?<\/p>","protected":false},"author":1,"featured_media":0,"parent":0,"menu_order":0,"comment_status":"closed","ping_status":"closed","template":"","meta":{"_acf_changed":false,"footnotes":""},"class_list":["post-235","page","type-page","status-publish"],"acf":[],"_links":{"self":[{"href":"https:\/\/gurni.net\/en\/wp-json\/wp\/v2\/pages\/235","targetHints":{"allow":["GET"]}}],"collection":[{"href":"https:\/\/gurni.net\/en\/wp-json\/wp\/v2\/pages"}],"about":[{"href":"https:\/\/gurni.net\/en\/wp-json\/wp\/v2\/types\/page"}],"author":[{"embeddable":true,"href":"https:\/\/gurni.net\/en\/wp-json\/wp\/v2\/users\/1"}],"replies":[{"embeddable":true,"href":"https:\/\/gurni.net\/en\/wp-json\/wp\/v2\/comments?post=235"}],"version-history":[{"count":28,"href":"https:\/\/gurni.net\/en\/wp-json\/wp\/v2\/pages\/235\/revisions"}],"predecessor-version":[{"id":641,"href":"https:\/\/gurni.net\/en\/wp-json\/wp\/v2\/pages\/235\/revisions\/641"}],"wp:attachment":[{"href":"https:\/\/gurni.net\/en\/wp-json\/wp\/v2\/media?parent=235"}],"curies":[{"name":"wp","href":"https:\/\/api.w.org\/{rel}","templated":true}]}}